{"id":909,"date":"2021-06-30T15:06:37","date_gmt":"2021-06-30T15:06:37","guid":{"rendered":"https:\/\/spusa.ca\/devenez-benevoles\/"},"modified":"2021-06-30T15:06:41","modified_gmt":"2021-06-30T15:06:41","slug":"devenez-benevoles","status":"publish","type":"page","link":"https:\/\/spusa.ca\/fr\/devenez-benevoles\/","title":{"rendered":"DEVENEZ B\u00c9N\u00c9VOLES"},"content":{"rendered":"<p>[et_pb_section fb_built=\u00a0\u00bb1&Prime; admin_label=\u00a0\u00bbsection\u00a0\u00bb _builder_version=\u00a0\u00bb3.22&Prime;][et_pb_row admin_label=\u00a0\u00bbrow\u00a0\u00bb _builder_version=\u00a0\u00bb3.25&Prime; background_size=\u00a0\u00bbinitial\u00a0\u00bb background_position=\u00a0\u00bbtop_left\u00a0\u00bb background_repeat=\u00a0\u00bbrepeat\u00a0\u00bb][et_pb_column type=\u00a0\u00bb4_4&Prime; _builder_version=\u00a0\u00bb3.25&Prime; custom_padding=\u00a0\u00bb|||\u00a0\u00bb custom_padding__hover=\u00a0\u00bb|||\u00a0\u00bb][et_pb_text admin_label=\u00a0\u00bbText\u00a0\u00bb _builder_version=\u00a0\u00bb3.27.4&Prime; background_size=\u00a0\u00bbinitial\u00a0\u00bb background_position=\u00a0\u00bbtop_left\u00a0\u00bb background_repeat=\u00a0\u00bbrepeat\u00a0\u00bb]CONSEIL EX\u00c9CUTIF<br \/>\nLe conseil ex\u00e9cutif de l&rsquo;A\u00c9USP est compos\u00e9 du pr\u00e9sident, du vice-pr\u00e9sident interne, du vice-pr\u00e9sident externe, du tr\u00e9sorier et du secr\u00e9taire.  Le conseil ex\u00e9cutif est responsable devant le corps \u00e9tudiant des questions d\u00e9crites dans les statuts et les r\u00e8glements administratifs de l\u2019association <a href=\"https:\/\/spusa.ca\/fr\/a-propos\/\">About<\/a>(voir \u00e0 propos de nous)<\/p>\n<p>ASSEMBL\u00c9ES G\u00c9N\u00c9RALES ANNUELLES<br \/>\nL\u2019Assembl\u00e9e g\u00e9n\u00e9rale annuelle est la r\u00e9union o\u00f9 tous les membres, en particulier le conseil ex\u00e9cutif et \u00e9tudiant, peuvent pr\u00e9senter des motions qui r\u00e9pondent aux diverses pr\u00e9occupations, questions et conflits que l\u2019Association \u00e9tudiante a choisi d\u2019aborder l\u2019ann\u00e9e suivante.  Les assembl\u00e9es ont leur deux fois l&rsquo;an &#8211; \u00e0 l&rsquo;automne et \u00e0 l&rsquo;hiver. Des b\u00e9n\u00e9voles sont tr\u00e8s importants afin d&rsquo;appuyer la pr\u00e9paration, la gestion, et la mise en ouvre des assembl\u00e9es.<\/p>\n<p>LES REPR\u00c9SENTANTS D&rsquo;\u00c9COLES<br \/>\nLes repr\u00e9sentants d&rsquo;\u00e9coles sont des \u00e9tudiants de chaque \u00e9coles de l&rsquo;Universit\u00e9 Saint-Paul dont Les conflits d&rsquo;\u00e9tudes, L&rsquo;\u00e9thique et la philosophie, l&rsquo;innovation sociale, le Droit canonique, la th\u00e9ologie, les relations humaines &#038; counselling &#8211; et font parties du Conseil \u00e9tudiant.  Leur r\u00f4le est de guider le Conseil ex\u00e9cutif en ce qui a trait aux besoins de leur \u00e9cole.  Informez-vous au <a href=\"http:\/\/spusa-aeusp@ustpaul.ca\"><\/a>spusa-aeusp@ustpaul.ca<\/p>\n<p>COMIT\u00c9S EX\u00c9CUTIFS<\/p>\n<p>Comit\u00e9s ad hoc<br \/>\nUn comit\u00e9 ad hoc, initi\u00e9 par le conseil ex\u00e9cutif, fournit une assistance administrative au comit\u00e9 ex\u00e9cutif afin de faciliter le fonctionnement de l\u2019association sous l\u2019autorit\u00e9 de qui elle op\u00e8re, et dans les questions qui lui sont assign\u00e9es conform\u00e9ment aux r\u00e8glements administratifs.<br \/>\nDe plus, ces comit\u00e9s ad hoc sont form\u00e9s \u00e0 partir de la n\u00e9cessit\u00e9 d\u2019offrir des activit\u00e9s d\u2019\u00e9v\u00e9nements unique qui comprennent l\u2019ensemble du corps \u00e9tudiant. <\/p>\n<p>Comit\u00e9 des \u00e9lections<br \/>\nLe comit\u00e9 des \u00e9lections est responsable de toutes les \u00e9lections et r\u00e9f\u00e9rendums. Ledit comit\u00e9 sera nomm\u00e9 en septembre de l\u2019ann\u00e9e scolaire.<br \/>\nLe comit\u00e9 des \u00e9lections est charg\u00e9 de pr\u00e9parer les \u00e9lections et les r\u00e9f\u00e9rendums, de mettre en place et d\u2019organiser les scrutins, de compter les bulletins de vote et d\u2019annoncer les r\u00e9sultats. <\/p>\n<p>AUTRES COMIT\u00c9S<\/p>\n<p>Conseil constitutionnel et politiques (anciennement Comit\u00e9 d&rsquo;arbitrage \u00e9tudiant)<\/p>\n<p>Conseil constitutionnel et politique (CCP) est compos\u00e9 de trois personnes choisies par le comit\u00e9 sortant et vot\u00e9es par le conseil \u00e9tudiant. Son objectif est de s\u2019assurer que le Conseil \u00e9tudiant, ses officiers et ses comit\u00e9s fonctionnent et adh\u00e8rent \u00e0 la constitution, des r\u00e8glements administratifs et de ses politiques.[\/et_pb_text][\/et_pb_column][\/et_pb_row][\/et_pb_section]<\/p>\n","protected":false},"excerpt":{"rendered":"<p>[et_pb_section fb_built=\u00a0\u00bb1&Prime; admin_label=\u00a0\u00bbsection\u00a0\u00bb _builder_version=\u00a0\u00bb3.22&Prime;][et_pb_row admin_label=\u00a0\u00bbrow\u00a0\u00bb _builder_version=\u00a0\u00bb3.25&Prime; background_size=\u00a0\u00bbinitial\u00a0\u00bb background_position=\u00a0\u00bbtop_left\u00a0\u00bb background_repeat=\u00a0\u00bbrepeat\u00a0\u00bb][et_pb_column type=\u00a0\u00bb4_4&Prime; _builder_version=\u00a0\u00bb3.25&Prime; custom_padding=\u00a0\u00bb|||\u00a0\u00bb custom_padding__hover=\u00a0\u00bb|||\u00a0\u00bb][et_pb_text admin_label=\u00a0\u00bbText\u00a0\u00bb _builder_version=\u00a0\u00bb3.27.4&Prime; background_size=\u00a0\u00bbinitial\u00a0\u00bb background_position=\u00a0\u00bbtop_left\u00a0\u00bb background_repeat=\u00a0\u00bbrepeat\u00a0\u00bb]CONSEIL EX\u00c9CUTIF Le conseil ex\u00e9cutif de l&rsquo;A\u00c9USP est compos\u00e9 du pr\u00e9sident, du vice-pr\u00e9sident interne, du vice-pr\u00e9sident externe, du tr\u00e9sorier et du secr\u00e9taire. Le conseil ex\u00e9cutif est responsable devant le corps \u00e9tudiant des questions d\u00e9crites dans les statuts et [&hellip;]<\/p>\n","protected":false},"author":3,"featured_media":0,"parent":0,"menu_order":0,"comment_status":"closed","ping_status":"closed","template":"","meta":{"_et_pb_use_builder":"off","_et_pb_old_content":"","_et_gb_content_width":"","footnotes":""},"class_list":["post-909","page","type-page","status-publish","hentry"],"_links":{"self":[{"href":"https:\/\/spusa.ca\/fr\/wp-json\/wp\/v2\/pages\/909","targetHints":{"allow":["GET"]}}],"collection":[{"href":"https:\/\/spusa.ca\/fr\/wp-json\/wp\/v2\/pages"}],"about":[{"href":"https:\/\/spusa.ca\/fr\/wp-json\/wp\/v2\/types\/page"}],"author":[{"embeddable":true,"href":"https:\/\/spusa.ca\/fr\/wp-json\/wp\/v2\/users\/3"}],"replies":[{"embeddable":true,"href":"https:\/\/spusa.ca\/fr\/wp-json\/wp\/v2\/comments?post=909"}],"version-history":[{"count":0,"href":"https:\/\/spusa.ca\/fr\/wp-json\/wp\/v2\/pages\/909\/revisions"}],"wp:attachment":[{"href":"https:\/\/spusa.ca\/fr\/wp-json\/wp\/v2\/media?parent=909"}],"curies":[{"name":"wp","href":"https:\/\/api.w.org\/{rel}","templated":true}]}}