{"id":893,"date":"2024-05-10T14:53:03","date_gmt":"2024-05-10T14:53:03","guid":{"rendered":"https:\/\/spusa.ca\/actualites-et-evenements\/"},"modified":"2024-05-16T21:01:13","modified_gmt":"2024-05-16T21:01:13","slug":"actualites-et-evenements","status":"publish","type":"page","link":"https:\/\/spusa.ca\/fr\/actualites-et-evenements\/","title":{"rendered":"ACTUALIT\u00c9S ET \u00c9V\u00c9NEMENTS"},"content":{"rendered":"","protected":false},"excerpt":{"rendered":"","protected":false},"author":1,"featured_media":0,"parent":0,"menu_order":0,"comment_status":"closed","ping_status":"closed","template":"","meta":{"_et_pb_use_builder":"on","_et_pb_old_content":"","_et_gb_content_width":"","footnotes":""},"class_list":["post-893","page","type-page","status-publish","hentry"],"_links":{"self":[{"href":"https:\/\/spusa.ca\/fr\/wp-json\/wp\/v2\/pages\/893","targetHints":{"allow":["GET"]}}],"collection":[{"href":"https:\/\/spusa.ca\/fr\/wp-json\/wp\/v2\/pages"}],"about":[{"href":"https:\/\/spusa.ca\/fr\/wp-json\/wp\/v2\/types\/page"}],"author":[{"embeddable":true,"href":"https:\/\/spusa.ca\/fr\/wp-json\/wp\/v2\/users\/1"}],"replies":[{"embeddable":true,"href":"https:\/\/spusa.ca\/fr\/wp-json\/wp\/v2\/comments?post=893"}],"version-history":[{"count":0,"href":"https:\/\/spusa.ca\/fr\/wp-json\/wp\/v2\/pages\/893\/revisions"}],"wp:attachment":[{"href":"https:\/\/spusa.ca\/fr\/wp-json\/wp\/v2\/media?parent=893"}],"curies":[{"name":"wp","href":"https:\/\/api.w.org\/{rel}","templated":true}]}}