{"id":865,"date":"2024-06-14T14:38:33","date_gmt":"2024-06-14T14:38:33","guid":{"rendered":"https:\/\/spusa.ca\/lequipe-2020-2021\/"},"modified":"2024-06-28T15:09:30","modified_gmt":"2024-06-28T15:09:30","slug":"lequipe-2024-25","status":"publish","type":"page","link":"https:\/\/spusa.ca\/fr\/executif\/lequipe-2024-25\/","title":{"rendered":"Conseil ex\u00e9cutif"},"content":{"rendered":"<h1>Mandat 2024-2025<\/h1>\n<p>Pr\u00e9sidente\u00a0 \u00a0Afnan Zaid<\/p>\n<p>Vice-Pr\u00e9sidente\u00a0 Zida Kiswendsida<\/p>\n<p>Directrice des politiques et des activit\u00e9s sociales\u00a0 Jimena Ramos<\/p>\n<p>Directeur des Finances et activit\u00e9s acad\u00e9miques\u00a0\u00a0Father Ali Nnaemaka<\/p>\n<p>Secr\u00e9taire ex\u00e9cutive et Liaison aupr\u00e8s des \u00e9tudiants internationaux\u00a0 Marie Camille Ghembu<\/p>\n","protected":false},"excerpt":{"rendered":"<p>Mandat 2024-2025 Pr\u00e9sidente\u00a0 \u00a0Afnan Zaid Vice-Pr\u00e9sidente\u00a0 Zida Kiswendsida Directrice des politiques et des activit\u00e9s sociales\u00a0 Jimena Ramos Directeur des Finances et activit\u00e9s acad\u00e9miques\u00a0\u00a0Father Ali Nnaemaka Secr\u00e9taire ex\u00e9cutive et Liaison aupr\u00e8s des \u00e9tudiants internationaux\u00a0 Marie Camille Ghembu<\/p>\n","protected":false},"author":1,"featured_media":0,"parent":1204,"menu_order":0,"comment_status":"closed","ping_status":"closed","template":"","meta":{"_et_pb_use_builder":"on","_et_pb_old_content":"<h1>Mandat 2024-2025<\/h1>\r\nPr\u00e9sidente\u00a0 \u00a0Afnan Zaid\r\n\r\nVice-Pr\u00e9sidente\u00a0 Zida Kiswendsida\r\n\r\nDirectrice des politiques et des activit\u00e9s sociales\u00a0 Jimena Ramos\r\n\r\nDirecteur des Finances et activit\u00e9s acad\u00e9miques\u00a0\u00a0Father Ali Nnaemaka\r\n\r\nSecr\u00e9taire ex\u00e9cutive et Liaison aupr\u00e8s des \u00e9tudiants internationaux\u00a0 Marie Camille Ghembu","_et_gb_content_width":"","footnotes":""},"class_list":["post-865","page","type-page","status-publish","hentry"],"_links":{"self":[{"href":"https:\/\/spusa.ca\/fr\/wp-json\/wp\/v2\/pages\/865","targetHints":{"allow":["GET"]}}],"collection":[{"href":"https:\/\/spusa.ca\/fr\/wp-json\/wp\/v2\/pages"}],"about":[{"href":"https:\/\/spusa.ca\/fr\/wp-json\/wp\/v2\/types\/page"}],"author":[{"embeddable":true,"href":"https:\/\/spusa.ca\/fr\/wp-json\/wp\/v2\/users\/1"}],"replies":[{"embeddable":true,"href":"https:\/\/spusa.ca\/fr\/wp-json\/wp\/v2\/comments?post=865"}],"version-history":[{"count":0,"href":"https:\/\/spusa.ca\/fr\/wp-json\/wp\/v2\/pages\/865\/revisions"}],"up":[{"embeddable":true,"href":"https:\/\/spusa.ca\/fr\/wp-json\/wp\/v2\/pages\/1204"}],"wp:attachment":[{"href":"https:\/\/spusa.ca\/fr\/wp-json\/wp\/v2\/media?parent=865"}],"curies":[{"name":"wp","href":"https:\/\/api.w.org\/{rel}","templated":true}]}}